{"id":461,"date":"2019-03-04T14:40:42","date_gmt":"2019-03-04T14:40:42","guid":{"rendered":"https:\/\/dor.qodeinteractive.com\/elementor\/?page_id=461"},"modified":"2025-01-24T21:28:22","modified_gmt":"2025-01-24T21:28:22","slug":"contact-us","status":"publish","type":"page","link":"https:\/\/baskgrupyapi.com\/EN\/contact-us\/","title":{"rendered":"Contact Us"},"content":{"rendered":"\t\t<div data-elementor-type=\"wp-page\" data-elementor-id=\"461\" class=\"elementor elementor-461\">\n\t\t\t\t\t\t<section class=\"elementor-section elementor-top-section elementor-element elementor-element-cc301d5 elementor-section-full_width elementor-section-height-default elementor-section-height-default mkdf-parallax-row-no mkdf-content-aligment-left mkdf-elementor-row-grid-no mkdf-disabled-bg-image-bellow-no\" data-id=\"cc301d5\" data-element_type=\"section\">\n\t\t\t\t\t\t<div class=\"elementor-container elementor-column-gap-default\">\n\t\t\t\t\t<div class=\"elementor-column elementor-col-100 elementor-top-column elementor-element elementor-element-5fd876a\" data-id=\"5fd876a\" data-element_type=\"column\">\n\t\t\t<div class=\"elementor-widget-wrap elementor-element-populated\">\n\t\t\t\t\t\t<div class=\"elementor-element elementor-element-7bd185b elementor-widget elementor-widget-google_maps\" data-id=\"7bd185b\" data-element_type=\"widget\" data-widget_type=\"google_maps.default\">\n\t\t\t\t<div class=\"elementor-widget-container\">\n\t\t\t\t\t\t\t<div class=\"elementor-custom-embed\">\n\t\t\t<iframe loading=\"lazy\"\n\t\t\t\t\tsrc=\"https:\/\/maps.google.com\/maps?q=3317%20Ada%205%20Parsel%20Finanskent%20Mahallesi%2CFinans%20Cad%20No%205%20Finans%20Merkezi%20B%C3%B6lgesi%2C%2034760%20EPP%20Binas%C4%B1%20alt%C4%B1%20no%2027%20%C3%9Cmraniye%2F%C4%B0stanbul&#038;t=m&#038;z=15&#038;output=embed&#038;iwloc=near\"\n\t\t\t\t\ttitle=\"3317 Ada 5 Parsel Finanskent Mahallesi,Finans Cad No 5 Finans Merkezi B\u00f6lgesi, 34760 EPP Binas\u0131 alt\u0131 no 27 \u00dcmraniye\/\u0130stanbul\"\n\t\t\t\t\taria-label=\"3317 Ada 5 Parsel Finanskent Mahallesi,Finans Cad No 5 Finans Merkezi B\u00f6lgesi, 34760 EPP Binas\u0131 alt\u0131 no 27 \u00dcmraniye\/\u0130stanbul\"\n\t\t\t><\/iframe>\n\t\t<\/div>\n\t\t\t\t\t\t<\/div>\n\t\t\t\t<\/div>\n\t\t\t\t\t<\/div>\n\t\t<\/div>\n\t\t\t\t\t<\/div>\n\t\t<\/section>\n\t\t\t\t<section class=\"elementor-section elementor-top-section elementor-element elementor-element-f1c2ff0 elementor-section-full_width mkdf-elementor-row-grid-section elementor-section-height-default elementor-section-height-default mkdf-parallax-row-no mkdf-content-aligment-left mkdf-disabled-bg-image-bellow-no\" data-id=\"f1c2ff0\" data-element_type=\"section\">\n\t\t\t\t\t\t<div class=\"elementor-container elementor-column-gap-default\">\n\t\t\t\t\t<div class=\"elementor-column elementor-col-50 elementor-top-column elementor-element elementor-element-0e540b3\" data-id=\"0e540b3\" data-element_type=\"column\">\n\t\t\t<div class=\"elementor-widget-wrap elementor-element-populated\">\n\t\t\t\t\t\t<div class=\"elementor-element elementor-element-6b42c48 elementor-widget elementor-widget-heading\" data-id=\"6b42c48\" data-element_type=\"widget\" data-widget_type=\"heading.default\">\n\t\t\t\t<div class=\"elementor-widget-container\">\n\t\t\t\t\t<h2 class=\"elementor-heading-title elementor-size-default\">Contact us<\/h2>\t\t\t\t<\/div>\n\t\t\t\t<\/div>\n\t\t\t\t<div class=\"elementor-element elementor-element-a3ccd03 elementor-widget elementor-widget-mkdf_separator\" data-id=\"a3ccd03\" data-element_type=\"widget\" data-widget_type=\"mkdf_separator.default\">\n\t\t\t\t<div class=\"elementor-widget-container\">\n\t\t\t\t\t<div class=\"mkdf-separator-holder clearfix  mkdf-separator-left mkdf-separator-normal\">\n\t<div class=\"mkdf-separator\" style=\"border-color: #949494;width: 50px;border-bottom-width: 1px;margin-top: 13px;margin-bottom: 10px\"><\/div>\n<\/div>\n\t\t\t\t<\/div>\n\t\t\t\t<\/div>\n\t\t\t\t<div class=\"elementor-element elementor-element-8c690aa elementor-widget elementor-widget-text-editor\" data-id=\"8c690aa\" data-element_type=\"widget\" data-widget_type=\"text-editor.default\">\n\t\t\t\t<div class=\"elementor-widget-container\">\n\t\t\t\t\t\t\t\t\tPlease contact us to get more detailed information about our projects or to talk about the project you need.\n\t\t\t\t\t\t\t\t<\/div>\n\t\t\t\t<\/div>\n\t\t\t\t<section class=\"elementor-section elementor-inner-section elementor-element elementor-element-b4fe15c elementor-section-boxed elementor-section-height-default elementor-section-height-default mkdf-parallax-row-no mkdf-content-aligment-left mkdf-elementor-row-grid-no mkdf-disabled-bg-image-bellow-no\" data-id=\"b4fe15c\" data-element_type=\"section\">\n\t\t\t\t\t\t<div class=\"elementor-container elementor-column-gap-default\">\n\t\t\t\t\t<div class=\"elementor-column elementor-col-100 elementor-inner-column elementor-element elementor-element-5bef20b\" data-id=\"5bef20b\" data-element_type=\"column\">\n\t\t\t<div class=\"elementor-widget-wrap elementor-element-populated\">\n\t\t\t\t\t\t<div class=\"elementor-element elementor-element-7e29f43 elementor-widget elementor-widget-text-editor\" data-id=\"7e29f43\" data-element_type=\"widget\" data-widget_type=\"text-editor.default\">\n\t\t\t\t<div class=\"elementor-widget-container\">\n\t\t\t\t\t\t\t\t\t<h5 style=\"margin: 0px;\">Our Contact Information<\/h5><p>3317 Ada 5 Parsel Finanskent Mahallesi, Finans Cad. No: 5 Finans Merkezi B\u00f6lgesi, 34760 EPP Binas\u0131 alt\u0131 No: 27<br \/>\u00dcmraniye \/ \u0130stanbul<\/p><p><a href=\"tel:+902167593388\"><span style=\"font-weight: 400;\">+90 (216) 759 33 88<\/span><\/a><\/p><p><a href=\"mailto:info@baskgrupyapi.com\"><span style=\"font-weight: 400;\">info@baskgrupyapi.com<\/span><\/a><\/p>\t\t\t\t\t\t\t\t<\/div>\n\t\t\t\t<\/div>\n\t\t\t\t\t<\/div>\n\t\t<\/div>\n\t\t\t\t\t<\/div>\n\t\t<\/section>\n\t\t\t\t\t<\/div>\n\t\t<\/div>\n\t\t\t\t<div class=\"elementor-column elementor-col-50 elementor-top-column elementor-element elementor-element-61de0f0\" data-id=\"61de0f0\" data-element_type=\"column\">\n\t\t\t<div class=\"elementor-widget-wrap elementor-element-populated\">\n\t\t\t\t\t\t<div class=\"elementor-element elementor-element-8aadbcb elementor-widget elementor-widget-image\" data-id=\"8aadbcb\" data-element_type=\"widget\" data-widget_type=\"image.default\">\n\t\t\t\t<div class=\"elementor-widget-container\">\n\t\t\t\t\t\t\t\t\t\t\t\t\t\t\t<img fetchpriority=\"high\" decoding=\"async\" width=\"1500\" height=\"1000\" src=\"https:\/\/baskgrupyapi.com\/EN\/wp-content\/uploads\/2025\/01\/iletisim-gorsel.png\" class=\"attachment-full size-full wp-image-6236\" alt=\"\" srcset=\"https:\/\/baskgrupyapi.com\/EN\/wp-content\/uploads\/2025\/01\/iletisim-gorsel.png 1500w, https:\/\/baskgrupyapi.com\/EN\/wp-content\/uploads\/2025\/01\/iletisim-gorsel-300x200.png 300w, https:\/\/baskgrupyapi.com\/EN\/wp-content\/uploads\/2025\/01\/iletisim-gorsel-1024x683.png 1024w, https:\/\/baskgrupyapi.com\/EN\/wp-content\/uploads\/2025\/01\/iletisim-gorsel-768x512.png 768w\" sizes=\"(max-width: 1500px) 100vw, 1500px\" \/>\t\t\t\t\t\t\t\t\t\t\t\t\t\t\t<\/div>\n\t\t\t\t<\/div>\n\t\t\t\t\t<\/div>\n\t\t<\/div>\n\t\t\t\t\t<\/div>\n\t\t<\/section>\n\t\t\t\t<\/div>\n\t\t","protected":false},"excerpt":{"rendered":"<p>Contact us Please contact us to get more detailed information about our projects or to talk about the project you need. Our Contact Information 3317 Ada 5 Parsel Finanskent Mahallesi, Finans Cad. No: 5 Finans Merkezi B\u00f6lgesi, 34760 EPP Binas\u0131 alt\u0131 No: 27\u00dcmraniye \/ \u0130stanbul +90 (216) 759 33 88 [&hellip;]<\/p>\n","protected":false},"author":1,"featured_media":0,"parent":0,"menu_order":0,"comment_status":"closed","ping_status":"closed","template":"full-width.php","meta":{"footnotes":""},"class_list":["post-461","page","type-page","status-publish","hentry"],"_links":{"self":[{"href":"https:\/\/baskgrupyapi.com\/EN\/wp-json\/wp\/v2\/pages\/461","targetHints":{"allow":["GET"]}}],"collection":[{"href":"https:\/\/baskgrupyapi.com\/EN\/wp-json\/wp\/v2\/pages"}],"about":[{"href":"https:\/\/baskgrupyapi.com\/EN\/wp-json\/wp\/v2\/types\/page"}],"author":[{"embeddable":true,"href":"https:\/\/baskgrupyapi.com\/EN\/wp-json\/wp\/v2\/users\/1"}],"replies":[{"embeddable":true,"href":"https:\/\/baskgrupyapi.com\/EN\/wp-json\/wp\/v2\/comments?post=461"}],"version-history":[{"count":21,"href":"https:\/\/baskgrupyapi.com\/EN\/wp-json\/wp\/v2\/pages\/461\/revisions"}],"predecessor-version":[{"id":6298,"href":"https:\/\/baskgrupyapi.com\/EN\/wp-json\/wp\/v2\/pages\/461\/revisions\/6298"}],"wp:attachment":[{"href":"https:\/\/baskgrupyapi.com\/EN\/wp-json\/wp\/v2\/media?parent=461"}],"curies":[{"name":"wp","href":"https:\/\/api.w.org\/{rel}","templated":true}]}}